{"id":86,"date":"2024-08-31T12:15:02","date_gmt":"2024-08-31T12:15:02","guid":{"rendered":"https:\/\/ubornyak.com\/?page_id=86"},"modified":"2025-04-30T12:54:31","modified_gmt":"2025-04-30T12:54:31","slug":"books-articles","status":"publish","type":"page","link":"https:\/\/ubornyak.com\/index.php\/books-articles\/","title":{"rendered":"Publications"},"content":{"rendered":"\n\n\n\n","protected":false},"excerpt":{"rendered":"","protected":false},"author":1,"featured_media":0,"parent":0,"menu_order":0,"comment_status":"closed","ping_status":"closed","template":"","meta":{"saved_in_kubio":true,"two_page_speed":[],"footnotes":""},"class_list":["post-86","page","type-page","status-publish","hentry","entry"],"kubio_ai_page_context":{"short_desc":"","purpose":"general"},"yoast_head":"<!-- This site is optimized with the Yoast SEO plugin v27.3 - https:\/\/yoast.com\/product\/yoast-seo-wordpress\/ -->\n<title>Publications - Katalin Ubornyak<\/title>\n<meta name=\"description\" content=\"Katalin Ubornyak, Krsnakatha Dasi, Tagore a misztikus k\u00f6lt\u0151, Sunrise Ludasto, United Kingdom, Hungary, Kagyl\u00f3k\u00fcrt, Ursus Libri\" \/>\n<meta name=\"robots\" content=\"index, follow, max-snippet:-1, max-video-preview:-1, noimageindex\" \/>\n<link rel=\"canonical\" href=\"https:\/\/ubornyak.com\/index.php\/books-articles\/\" \/>\n<meta property=\"og:locale\" content=\"en_US\" \/>\n<meta property=\"og:type\" content=\"article\" \/>\n<meta property=\"og:title\" content=\"Publications - Katalin Ubornyak\" \/>\n<meta property=\"og:description\" content=\"Katalin Ubornyak, Krsnakatha Dasi, Tagore a misztikus k\u00f6lt\u0151, Sunrise Ludasto, United Kingdom, Hungary, Kagyl\u00f3k\u00fcrt, Ursus Libri\" \/>\n<meta property=\"og:url\" content=\"https:\/\/ubornyak.com\/index.php\/books-articles\/\" \/>\n<meta property=\"og:site_name\" content=\"Katalin Ubornyak\" \/>\n<meta property=\"article:modified_time\" content=\"2025-04-30T12:54:31+00:00\" \/>\n<meta property=\"og:image\" content=\"https:\/\/ubornyak.com\/wp-content\/uploads\/2024\/02\/cover_500_300.jpg\" \/>\n<meta name=\"twitter:card\" content=\"summary_large_image\" \/>\n<script type=\"application\/ld+json\" class=\"yoast-schema-graph\">{\"@context\":\"https:\\\/\\\/schema.org\",\"@graph\":[{\"@type\":\"WebPage\",\"@id\":\"https:\\\/\\\/ubornyak.com\\\/index.php\\\/books-articles\\\/\",\"url\":\"https:\\\/\\\/ubornyak.com\\\/index.php\\\/books-articles\\\/\",\"name\":\"Publications - Katalin Ubornyak\",\"isPartOf\":{\"@id\":\"https:\\\/\\\/ubornyak.com\\\/#website\"},\"primaryImageOfPage\":{\"@id\":\"https:\\\/\\\/ubornyak.com\\\/index.php\\\/books-articles\\\/#primaryimage\"},\"image\":{\"@id\":\"https:\\\/\\\/ubornyak.com\\\/index.php\\\/books-articles\\\/#primaryimage\"},\"thumbnailUrl\":\"https:\\\/\\\/ubornyak.com\\\/wp-content\\\/uploads\\\/2024\\\/02\\\/cover_500_300.jpg\",\"datePublished\":\"2024-08-31T12:15:02+00:00\",\"dateModified\":\"2025-04-30T12:54:31+00:00\",\"description\":\"Katalin Ubornyak, Krsnakatha Dasi, Tagore a misztikus k\u00f6lt\u0151, Sunrise Ludasto, United Kingdom, Hungary, Kagyl\u00f3k\u00fcrt, Ursus Libri\",\"breadcrumb\":{\"@id\":\"https:\\\/\\\/ubornyak.com\\\/index.php\\\/books-articles\\\/#breadcrumb\"},\"inLanguage\":\"en-US\",\"potentialAction\":[{\"@type\":\"ReadAction\",\"target\":[\"https:\\\/\\\/ubornyak.com\\\/index.php\\\/books-articles\\\/\"]}]},{\"@type\":\"ImageObject\",\"inLanguage\":\"en-US\",\"@id\":\"https:\\\/\\\/ubornyak.com\\\/index.php\\\/books-articles\\\/#primaryimage\",\"url\":\"https:\\\/\\\/ubornyak.com\\\/wp-content\\\/uploads\\\/2024\\\/02\\\/cover_500_300.jpg\",\"contentUrl\":\"https:\\\/\\\/ubornyak.com\\\/wp-content\\\/uploads\\\/2024\\\/02\\\/cover_500_300.jpg\",\"width\":500,\"height\":500},{\"@type\":\"BreadcrumbList\",\"@id\":\"https:\\\/\\\/ubornyak.com\\\/index.php\\\/books-articles\\\/#breadcrumb\",\"itemListElement\":[{\"@type\":\"ListItem\",\"position\":1,\"name\":\"Home\",\"item\":\"https:\\\/\\\/ubornyak.com\\\/\"},{\"@type\":\"ListItem\",\"position\":2,\"name\":\"Publications\"}]},{\"@type\":\"WebSite\",\"@id\":\"https:\\\/\\\/ubornyak.com\\\/#website\",\"url\":\"https:\\\/\\\/ubornyak.com\\\/\",\"name\":\"Katalin Ubornyak\",\"description\":\"ubornyak\",\"publisher\":{\"@id\":\"https:\\\/\\\/ubornyak.com\\\/#organization\"},\"alternateName\":\"ubornyak.com\",\"potentialAction\":[{\"@type\":\"SearchAction\",\"target\":{\"@type\":\"EntryPoint\",\"urlTemplate\":\"https:\\\/\\\/ubornyak.com\\\/?s={search_term_string}\"},\"query-input\":{\"@type\":\"PropertyValueSpecification\",\"valueRequired\":true,\"valueName\":\"search_term_string\"}}],\"inLanguage\":\"en-US\"},{\"@type\":\"Organization\",\"@id\":\"https:\\\/\\\/ubornyak.com\\\/#organization\",\"name\":\"Katalin Ubornyak\",\"alternateName\":\"Art Yoga\",\"url\":\"https:\\\/\\\/ubornyak.com\\\/\",\"logo\":{\"@type\":\"ImageObject\",\"inLanguage\":\"en-US\",\"@id\":\"https:\\\/\\\/ubornyak.com\\\/#\\\/schema\\\/logo\\\/image\\\/\",\"url\":\"https:\\\/\\\/ubornyak.com\\\/wp-content\\\/uploads\\\/2024\\\/06\\\/logo2BB_small_140.jpg\",\"contentUrl\":\"https:\\\/\\\/ubornyak.com\\\/wp-content\\\/uploads\\\/2024\\\/06\\\/logo2BB_small_140.jpg\",\"width\":140,\"height\":170,\"caption\":\"Katalin Ubornyak\"},\"image\":{\"@id\":\"https:\\\/\\\/ubornyak.com\\\/#\\\/schema\\\/logo\\\/image\\\/\"}}]}<\/script>\n<!-- \/ Yoast SEO plugin. -->","yoast_head_json":{"title":"Publications - Katalin Ubornyak","description":"Katalin Ubornyak, Krsnakatha Dasi, Tagore a misztikus k\u00f6lt\u0151, Sunrise Ludasto, United Kingdom, Hungary, Kagyl\u00f3k\u00fcrt, Ursus Libri","robots":{"index":"index","follow":"follow","max-snippet":"max-snippet:-1","max-video-preview":"max-video-preview:-1","imageindex":"noimageindex"},"canonical":"https:\/\/ubornyak.com\/index.php\/books-articles\/","og_locale":"en_US","og_type":"article","og_title":"Publications - Katalin Ubornyak","og_description":"Katalin Ubornyak, Krsnakatha Dasi, Tagore a misztikus k\u00f6lt\u0151, Sunrise Ludasto, United Kingdom, Hungary, Kagyl\u00f3k\u00fcrt, Ursus Libri","og_url":"https:\/\/ubornyak.com\/index.php\/books-articles\/","og_site_name":"Katalin Ubornyak","article_modified_time":"2025-04-30T12:54:31+00:00","og_image":[{"url":"https:\/\/ubornyak.com\/wp-content\/uploads\/2024\/02\/cover_500_300.jpg","type":"","width":"","height":""}],"twitter_card":"summary_large_image","schema":{"@context":"https:\/\/schema.org","@graph":[{"@type":"WebPage","@id":"https:\/\/ubornyak.com\/index.php\/books-articles\/","url":"https:\/\/ubornyak.com\/index.php\/books-articles\/","name":"Publications - Katalin Ubornyak","isPartOf":{"@id":"https:\/\/ubornyak.com\/#website"},"primaryImageOfPage":{"@id":"https:\/\/ubornyak.com\/index.php\/books-articles\/#primaryimage"},"image":{"@id":"https:\/\/ubornyak.com\/index.php\/books-articles\/#primaryimage"},"thumbnailUrl":"https:\/\/ubornyak.com\/wp-content\/uploads\/2024\/02\/cover_500_300.jpg","datePublished":"2024-08-31T12:15:02+00:00","dateModified":"2025-04-30T12:54:31+00:00","description":"Katalin Ubornyak, Krsnakatha Dasi, Tagore a misztikus k\u00f6lt\u0151, Sunrise Ludasto, United Kingdom, Hungary, Kagyl\u00f3k\u00fcrt, Ursus Libri","breadcrumb":{"@id":"https:\/\/ubornyak.com\/index.php\/books-articles\/#breadcrumb"},"inLanguage":"en-US","potentialAction":[{"@type":"ReadAction","target":["https:\/\/ubornyak.com\/index.php\/books-articles\/"]}]},{"@type":"ImageObject","inLanguage":"en-US","@id":"https:\/\/ubornyak.com\/index.php\/books-articles\/#primaryimage","url":"https:\/\/ubornyak.com\/wp-content\/uploads\/2024\/02\/cover_500_300.jpg","contentUrl":"https:\/\/ubornyak.com\/wp-content\/uploads\/2024\/02\/cover_500_300.jpg","width":500,"height":500},{"@type":"BreadcrumbList","@id":"https:\/\/ubornyak.com\/index.php\/books-articles\/#breadcrumb","itemListElement":[{"@type":"ListItem","position":1,"name":"Home","item":"https:\/\/ubornyak.com\/"},{"@type":"ListItem","position":2,"name":"Publications"}]},{"@type":"WebSite","@id":"https:\/\/ubornyak.com\/#website","url":"https:\/\/ubornyak.com\/","name":"Katalin Ubornyak","description":"ubornyak","publisher":{"@id":"https:\/\/ubornyak.com\/#organization"},"alternateName":"ubornyak.com","potentialAction":[{"@type":"SearchAction","target":{"@type":"EntryPoint","urlTemplate":"https:\/\/ubornyak.com\/?s={search_term_string}"},"query-input":{"@type":"PropertyValueSpecification","valueRequired":true,"valueName":"search_term_string"}}],"inLanguage":"en-US"},{"@type":"Organization","@id":"https:\/\/ubornyak.com\/#organization","name":"Katalin Ubornyak","alternateName":"Art Yoga","url":"https:\/\/ubornyak.com\/","logo":{"@type":"ImageObject","inLanguage":"en-US","@id":"https:\/\/ubornyak.com\/#\/schema\/logo\/image\/","url":"https:\/\/ubornyak.com\/wp-content\/uploads\/2024\/06\/logo2BB_small_140.jpg","contentUrl":"https:\/\/ubornyak.com\/wp-content\/uploads\/2024\/06\/logo2BB_small_140.jpg","width":140,"height":170,"caption":"Katalin Ubornyak"},"image":{"@id":"https:\/\/ubornyak.com\/#\/schema\/logo\/image\/"}}]}},"_links":{"self":[{"href":"https:\/\/ubornyak.com\/index.php\/wp-json\/wp\/v2\/pages\/86","targetHints":{"allow":["GET"]}}],"collection":[{"href":"https:\/\/ubornyak.com\/index.php\/wp-json\/wp\/v2\/pages"}],"about":[{"href":"https:\/\/ubornyak.com\/index.php\/wp-json\/wp\/v2\/types\/page"}],"author":[{"embeddable":true,"href":"https:\/\/ubornyak.com\/index.php\/wp-json\/wp\/v2\/users\/1"}],"replies":[{"embeddable":true,"href":"https:\/\/ubornyak.com\/index.php\/wp-json\/wp\/v2\/comments?post=86"}],"version-history":[{"count":25,"href":"https:\/\/ubornyak.com\/index.php\/wp-json\/wp\/v2\/pages\/86\/revisions"}],"predecessor-version":[{"id":429,"href":"https:\/\/ubornyak.com\/index.php\/wp-json\/wp\/v2\/pages\/86\/revisions\/429"}],"wp:attachment":[{"href":"https:\/\/ubornyak.com\/index.php\/wp-json\/wp\/v2\/media?parent=86"}],"curies":[{"name":"wp","href":"https:\/\/api.w.org\/{rel}","templated":true}]}}